{"id":988,"date":"2023-08-26T18:38:12","date_gmt":"2023-08-26T23:38:12","guid":{"rendered":"http:\/\/sweethomelearning.com\/?post_type=product&#038;p=988"},"modified":"2023-08-29T11:07:56","modified_gmt":"2023-08-29T16:07:56","slug":"juego-de-rima-o-no-rima-spanish-rhymes-game","status":"publish","type":"product","link":"https:\/\/sweethomelearning.com\/es\/product\/juego-de-rima-o-no-rima-spanish-rhymes-game\/","title":{"rendered":"Juego de Rima o No Rima &#8211; Spanish Rhymes Game"},"content":{"rendered":"<p><strong>\u00bfBuscando una manera divertida y creativa de ense\u00f1ar a los ni\u00f1os sobre las palabras que riman? <\/strong>Est\u00e9 recurso est\u00e1 aqu\u00ed para ayudarte. Mantendr\u00e1 a los ni\u00f1os entretenidos y motivados durante el proceso de aprendizaje.<\/p>\n<p>Los ni\u00f1os AMARAN trabajar con est\u00e1s tarjetas de rimas por que son <strong>f\u00e1ciles de usar<\/strong>, <strong>manipulables<\/strong> y <strong>divertidas<\/strong>. Adecuadas para diferentes edades. Se pueden utilizar en cualquier lugar, lo que las convierte en un recurso perfecto para el aprendizaje en el hogar, en la escuela o en cualquier otro entorno.<\/p>\n<p><strong>Incluye:<\/strong><\/p>\n<ul>\n<li>12 pares de tarjetas que riman<\/li>\n<li>12 pares de tarjetas que no riman<\/li>\n<li>Tabla para colocar las tarjetas que riman<\/li>\n<li>Tabla para colocar las tarjetas que no riman<\/li>\n<li>Hoja de control<\/li>\n<\/ul>\n<p>Son una herramienta<strong> \u00a1sencilla y pr\u00e1ctica! <\/strong>Su preparaci\u00f3n es r\u00e1pida y f\u00e1cil.<\/p>","protected":false},"excerpt":{"rendered":"<p><strong>\u00bfBuscando una manera divertida y creativa de ense\u00f1ar a los ni\u00f1os sobre las palabras que riman? <\/strong>Est\u00e9 recurso est\u00e1 aqu\u00ed para ayudarte. Mantendr\u00e1 a los ni\u00f1os entretenidos y motivados durante el proceso de aprendizaje.<\/p>","protected":false},"featured_media":989,"template":"","meta":[],"product_brand":[],"product_cat":[70],"product_tag":[],"class_list":{"0":"post-988","1":"product","2":"type-product","3":"status-publish","4":"has-post-thumbnail","6":"product_cat-lenguaje","8":"first","9":"instock","10":"downloadable","11":"taxable","12":"shipping-taxable","13":"purchasable","14":"product-type-simple"},"_links":{"self":[{"href":"https:\/\/sweethomelearning.com\/es\/wp-json\/wp\/v2\/product\/988","targetHints":{"allow":["GET"]}}],"collection":[{"href":"https:\/\/sweethomelearning.com\/es\/wp-json\/wp\/v2\/product"}],"about":[{"href":"https:\/\/sweethomelearning.com\/es\/wp-json\/wp\/v2\/types\/product"}],"wp:featuredmedia":[{"embeddable":true,"href":"https:\/\/sweethomelearning.com\/es\/wp-json\/wp\/v2\/media\/989"}],"wp:attachment":[{"href":"https:\/\/sweethomelearning.com\/es\/wp-json\/wp\/v2\/media?parent=988"}],"wp:term":[{"taxonomy":"product_brand","embeddable":true,"href":"https:\/\/sweethomelearning.com\/es\/wp-json\/wp\/v2\/product_brand?post=988"},{"taxonomy":"product_cat","embeddable":true,"href":"https:\/\/sweethomelearning.com\/es\/wp-json\/wp\/v2\/product_cat?post=988"},{"taxonomy":"product_tag","embeddable":true,"href":"https:\/\/sweethomelearning.com\/es\/wp-json\/wp\/v2\/product_tag?post=988"}],"curies":[{"name":"wp","href":"https:\/\/api.w.org\/{rel}","templated":true}]}}