{"id":992,"date":"2023-08-26T18:47:38","date_gmt":"2023-08-26T23:47:38","guid":{"rendered":"http:\/\/sweethomelearning.com\/?post_type=product&#038;p=992"},"modified":"2023-08-29T11:07:28","modified_gmt":"2023-08-29T16:07:28","slug":"numeros-1-10-trazar-cortar-y-pegar-hojas-de-trabajo-spanish-numbers-1-10","status":"publish","type":"product","link":"https:\/\/sweethomelearning.com\/es\/product\/numeros-1-10-trazar-cortar-y-pegar-hojas-de-trabajo-spanish-numbers-1-10\/","title":{"rendered":"N\u00fameros 1-10 Trazar, Cortar y Pegar Hojas de Trabajo | Spanish Numbers 1-10"},"content":{"rendered":"<p><strong>\u00bfBuscando una actividad divertida y estimulante para trabajar los n\u00fameros? <\/strong>Estas hojas de trabajo de <strong>trazar, recortar y pegar <\/strong>enfocada en los n\u00fameros del <strong>1 al 10<\/strong> son una excelente actividad para los ni\u00f1os porque les ayuda a desarrollar habilidades motoras finas, reconocimiento num\u00e9rico y coordinaci\u00f3n mano-ojo.<\/p>\n<p><strong>\u00a1Diversi\u00f3n mientras aprenden!<\/strong> Los ni\u00f1os AMARAN trabar los n\u00fameros y no se dar\u00e1n cuenta que estar\u00e1n trabajando motricidad fina, reconocimiento de los n\u00fameros y su orden, adem\u00e1s de desarrollar habilidades de conteo.<\/p>\n<p><strong>Incluye: <\/strong><\/p>\n<ul>\n<li>Hojas de trabajo con los n\u00fameros del 1 al 10<\/li>\n<li><span style=\"color: #555555; font-size: 14.4px;\">Un n\u00famero por hoja de 8.5&#8243;x11&#8243;<\/span><\/li>\n<\/ul>\n<p>\u00a1F\u00e1cil preparaci\u00f3n! Imprime y DISFRUTA<\/p>","protected":false},"excerpt":{"rendered":"<p><strong>\u00bfBuscando una actividad divertida y estimulante para trabajar los n\u00fameros? <\/strong>Estas hojas de trabajo de <strong>trazar, recortar y pegar <\/strong>enfocada en los n\u00fameros del <strong>1 al 10<\/strong> son una excelente actividad para los ni\u00f1os porque les ayuda a desarrollar habilidades motoras finas, reconocimiento num\u00e9rico y coordinaci\u00f3n mano-ojo.<\/p>","protected":false},"featured_media":993,"template":"","meta":[],"product_brand":[],"product_cat":[78],"product_tag":[],"class_list":{"0":"post-992","1":"product","2":"type-product","3":"status-publish","4":"has-post-thumbnail","6":"product_cat-numeros","8":"first","9":"instock","10":"downloadable","11":"taxable","12":"shipping-taxable","13":"purchasable","14":"product-type-simple"},"_links":{"self":[{"href":"https:\/\/sweethomelearning.com\/es\/wp-json\/wp\/v2\/product\/992","targetHints":{"allow":["GET"]}}],"collection":[{"href":"https:\/\/sweethomelearning.com\/es\/wp-json\/wp\/v2\/product"}],"about":[{"href":"https:\/\/sweethomelearning.com\/es\/wp-json\/wp\/v2\/types\/product"}],"wp:featuredmedia":[{"embeddable":true,"href":"https:\/\/sweethomelearning.com\/es\/wp-json\/wp\/v2\/media\/993"}],"wp:attachment":[{"href":"https:\/\/sweethomelearning.com\/es\/wp-json\/wp\/v2\/media?parent=992"}],"wp:term":[{"taxonomy":"product_brand","embeddable":true,"href":"https:\/\/sweethomelearning.com\/es\/wp-json\/wp\/v2\/product_brand?post=992"},{"taxonomy":"product_cat","embeddable":true,"href":"https:\/\/sweethomelearning.com\/es\/wp-json\/wp\/v2\/product_cat?post=992"},{"taxonomy":"product_tag","embeddable":true,"href":"https:\/\/sweethomelearning.com\/es\/wp-json\/wp\/v2\/product_tag?post=992"}],"curies":[{"name":"wp","href":"https:\/\/api.w.org\/{rel}","templated":true}]}}