{"id":996,"date":"2023-08-26T18:59:45","date_gmt":"2023-08-26T23:59:45","guid":{"rendered":"http:\/\/sweethomelearning.com\/?post_type=product&#038;p=996"},"modified":"2023-08-29T11:07:06","modified_gmt":"2023-08-29T16:07:06","slug":"palabras-cvcv-aprendiendo-a-leer-spanish-cvcv-words","status":"publish","type":"product","link":"https:\/\/sweethomelearning.com\/es\/product\/palabras-cvcv-aprendiendo-a-leer-spanish-cvcv-words\/","title":{"rendered":"Palabras CVCV Aprendiendo a Leer | Spanish CVCV Words"},"content":{"rendered":"<p><strong>\u00a1Desarrollar la anticipaci\u00f3n y el entusiasmo en los ni\u00f1os por los sonidos de las letras! <\/strong>Son m\u00e1s de 30 palabras espa\u00f1ol para ayudar a los ni\u00f1os a practicar la <strong>lectura<\/strong> de palabras <strong>CVCV<\/strong>. Perfectas para desarrollar <strong>habilidades<\/strong> de <strong>alfabetizaci\u00f3n<\/strong>.<\/p>\n<p>Despu\u00e9s de <strong>pronunciar<\/strong> la <strong>palabra<\/strong> y <strong>combinar<\/strong> los <strong>sonidos<\/strong>, al ni\u00f1o le ENCANTARA <strong>revelar<\/strong> la imagen para <strong>verificar<\/strong> su <strong>lectura<\/strong>. Las im\u00e1genes son realistas y en acuarela. Se pueden utiliza durante todo el a\u00f1o.<\/p>\n<p><strong>Incluye:<\/strong><\/p>\n<ul>\n<li>32 tarjetas (cuatro tarjetas por p\u00e1gina 8.5&#8243; x 11&#8243;)<\/li>\n<\/ul>\n<p>\u00a1Son de baja preparaci\u00f3n!<\/p>","protected":false},"excerpt":{"rendered":"<p><strong>\u00a1Desarrollar la anticipaci\u00f3n y el entusiasmo en los ni\u00f1os por los sonidos de las letras! <\/strong>Son m\u00e1s de 30 palabras espa\u00f1ol para ayudar a los ni\u00f1os a practicar la <strong>lectura<\/strong> de palabras <strong>CVCV<\/strong>. Perfectas para desarrollar <strong>habilidades<\/strong> de <strong>alfabetizaci\u00f3n<\/strong>.<\/p>","protected":false},"featured_media":997,"template":"","meta":[],"product_brand":[],"product_cat":[71,70],"product_tag":[],"class_list":{"0":"post-996","1":"product","2":"type-product","3":"status-publish","4":"has-post-thumbnail","6":"product_cat-flashcards","7":"product_cat-lenguaje","9":"first","10":"instock","11":"downloadable","12":"taxable","13":"shipping-taxable","14":"purchasable","15":"product-type-simple"},"_links":{"self":[{"href":"https:\/\/sweethomelearning.com\/es\/wp-json\/wp\/v2\/product\/996","targetHints":{"allow":["GET"]}}],"collection":[{"href":"https:\/\/sweethomelearning.com\/es\/wp-json\/wp\/v2\/product"}],"about":[{"href":"https:\/\/sweethomelearning.com\/es\/wp-json\/wp\/v2\/types\/product"}],"wp:featuredmedia":[{"embeddable":true,"href":"https:\/\/sweethomelearning.com\/es\/wp-json\/wp\/v2\/media\/997"}],"wp:attachment":[{"href":"https:\/\/sweethomelearning.com\/es\/wp-json\/wp\/v2\/media?parent=996"}],"wp:term":[{"taxonomy":"product_brand","embeddable":true,"href":"https:\/\/sweethomelearning.com\/es\/wp-json\/wp\/v2\/product_brand?post=996"},{"taxonomy":"product_cat","embeddable":true,"href":"https:\/\/sweethomelearning.com\/es\/wp-json\/wp\/v2\/product_cat?post=996"},{"taxonomy":"product_tag","embeddable":true,"href":"https:\/\/sweethomelearning.com\/es\/wp-json\/wp\/v2\/product_tag?post=996"}],"curies":[{"name":"wp","href":"https:\/\/api.w.org\/{rel}","templated":true}]}}